{"id":3571,"date":"2024-10-16T09:00:07","date_gmt":"2024-10-16T07:00:07","guid":{"rendered":"https:\/\/apartamentosgoya.es\/telefono\/"},"modified":"2025-12-11T12:58:49","modified_gmt":"2025-12-11T11:58:49","slug":"phone","status":"publish","type":"page","link":"https:\/\/apartamentosgoya.es\/en\/phone\/","title":{"rendered":"Phone"},"content":{"rendered":"\t\t<div data-elementor-type=\"wp-page\" data-elementor-id=\"3571\" class=\"elementor elementor-3571 elementor-2676\">\n\t\t\t\t<div class=\"elementor-element elementor-element-7b99ca9 e-flex e-con-boxed e-con e-parent\" data-id=\"7b99ca9\" data-element_type=\"container\">\n\t\t\t\t\t<div class=\"e-con-inner\">\n\t\t\t\t<div class=\"elementor-element elementor-element-0369811 elementor-widget elementor-widget-cs_title\" data-id=\"0369811\" data-element_type=\"widget\" data-widget_type=\"cs_title.default\">\n\t\t\t\t<div class=\"elementor-widget-container\">\n\t\t\t\t\t\n        <div class=\"cs-title-wrap text-center\">\t            <div class=\"cs-subtitle-wrap\"><span class=\"cs-subtitle\">Contact<\/span><\/div>\t            <h4 class=\"cs-title\">\n\t                Phone\t            <\/h4>        <\/div>\t\t\t\t<\/div>\n\t\t\t\t<\/div>\n\t\t\t\t<div class=\"elementor-element elementor-element-2d9a111 elementor-widget elementor-widget-heading\" data-id=\"2d9a111\" data-element_type=\"widget\" data-widget_type=\"heading.default\">\n\t\t\t\t\t<h2 class=\"elementor-heading-title elementor-size-default\">CALL US FOR MORE INFORMATION\n\n\n\n\n<\/h2>\t\t\t\t<\/div>\n\t\t\t\t<div class=\"elementor-element elementor-element-63ce710 elementor-widget elementor-widget-heading\" data-id=\"63ce710\" data-element_type=\"widget\" data-widget_type=\"heading.default\">\n\t\t\t\t\t<h3 class=\"elementor-heading-title elementor-size-default\">+34 640 163 879 | +34 660 960 664<\/h3>\t\t\t\t<\/div>\n\t\t\t\t<div class=\"elementor-element elementor-element-d3fad7a elementor-align-center elementor-widget elementor-widget-cs_button\" data-id=\"d3fad7a\" data-element_type=\"widget\" data-widget_type=\"cs_button.default\">\n\t\t\t\t<div class=\"elementor-widget-container\">\n\t\t\t\t\t        <a href=\"\/en\/contact\/\" class=\"elementor-button-link button\" role=\"button\">\n            <span class=\"cs-btn-text\">If you prefer, fill out our contact form<\/span>        <\/a>\t\t\t\t<\/div>\n\t\t\t\t<\/div>\n\t\t\t\t\t<\/div>\n\t\t\t\t<\/div>\n\t\t\t\t<\/div>\n\t\t","protected":false},"excerpt":{"rendered":"<p>Contact Phone CALL US FOR MORE INFORMATION +34 640 163 879 | +34 660 960 664 If you prefer, fill out our contact form<\/p>\n","protected":false},"author":5,"featured_media":0,"parent":0,"menu_order":0,"comment_status":"closed","ping_status":"closed","template":"template-wide-content.php","meta":{"cozystay_single_page_hide_site_header":"","cozystay_single_page_site_header_source":"","cozystay_single_page_custom_site_header":"0","cozystay_single_page_custom_sticky_site_header":"0","cozystay_single_page_hide_page_title":"","cozystay_single_page_header_section_size":"","cozystay_single_page_header_background_color":"","cozystay_single_page_header_background_position_x":"center","cozystay_single_page_header_background_position_y":"center","cozystay_single_page_header_background_size":"cover","cozystay_single_page_header_background_repeat":"off","cozystay_single_page_header_background_scroll":"on","cozystay_single_page_header_text_color":"","cozystay_single_page_header_show_breadcrumb":"","cozystay_single_page_site_footer_hide_main":"","cozystay_single_custom_site_footer_main_source":"","cozystay_single_custom_site_footer_main":"0","cozystay_single_page_site_footer_hide_above":"","cozystay_single_custom_site_footer_above_source":"","cozystay_single_custom_site_footer_above":"0","cozystay_single_page_site_footer_hide_instagram":"","cozystay_single_page_site_footer_hide_bottom":"","cozystay_single_custom_mobile_menu_source":"","cozystay_single_custom_mobile_menu":"0","cozystay_single_custom_mobile_menu_animation":"","cozystay_single_custom_mobile_menu_width":"","cozystay_single_custom_mobile_menu_custom_width":375,"footnotes":""},"class_list":["post-3571","page","type-page","status-publish","hentry"],"yoast_head":"<!-- This site is optimized with the Yoast SEO plugin v27.6 - https:\/\/yoast.com\/product\/yoast-seo-wordpress\/ -->\n<title>Phone - Apartamentos Goya<\/title>\n<meta name=\"description\" content=\"Contacta con Apartamentos Goya en Valencia. Llama al tel\u00e9fono indicado y obt\u00e9n atenci\u00f3n personalizada para tu reserva o consulta.\" \/>\n<meta name=\"robots\" content=\"index, follow, max-snippet:-1, max-image-preview:large, max-video-preview:-1\" \/>\n<link rel=\"canonical\" href=\"https:\/\/apartamentosgoya.es\/en\/phone\/\" \/>\n<meta property=\"og:locale\" content=\"en_US\" \/>\n<meta property=\"og:type\" content=\"article\" \/>\n<meta property=\"og:title\" content=\"Phone - Apartamentos Goya\" \/>\n<meta property=\"og:description\" content=\"Contacta con Apartamentos Goya en Valencia. Llama al tel\u00e9fono indicado y obt\u00e9n atenci\u00f3n personalizada para tu reserva o consulta.\" \/>\n<meta property=\"og:url\" content=\"https:\/\/apartamentosgoya.es\/en\/phone\/\" \/>\n<meta property=\"og:site_name\" content=\"Apartamentos Goya\" \/>\n<meta property=\"article:modified_time\" content=\"2025-12-11T11:58:49+00:00\" \/>\n<meta name=\"twitter:card\" content=\"summary_large_image\" \/>\n<meta name=\"twitter:label1\" content=\"Est. reading time\" \/>\n\t<meta name=\"twitter:data1\" content=\"1 minute\" \/>\n<script type=\"application\/ld+json\" class=\"yoast-schema-graph\">{\"@context\":\"https:\\\/\\\/schema.org\",\"@graph\":[{\"@type\":\"WebPage\",\"@id\":\"https:\\\/\\\/apartamentosgoya.es\\\/en\\\/phone\\\/\",\"url\":\"https:\\\/\\\/apartamentosgoya.es\\\/en\\\/phone\\\/\",\"name\":\"Phone - Apartamentos Goya\",\"isPartOf\":{\"@id\":\"https:\\\/\\\/apartamentosgoya.es\\\/en\\\/#website\"},\"datePublished\":\"2024-10-16T07:00:07+00:00\",\"dateModified\":\"2025-12-11T11:58:49+00:00\",\"description\":\"Contacta con Apartamentos Goya en Valencia. Llama al tel\u00e9fono indicado y obt\u00e9n atenci\u00f3n personalizada para tu reserva o consulta.\",\"breadcrumb\":{\"@id\":\"https:\\\/\\\/apartamentosgoya.es\\\/en\\\/phone\\\/#breadcrumb\"},\"inLanguage\":\"en-US\",\"potentialAction\":[{\"@type\":\"ReadAction\",\"target\":[\"https:\\\/\\\/apartamentosgoya.es\\\/en\\\/phone\\\/\"]}]},{\"@type\":\"BreadcrumbList\",\"@id\":\"https:\\\/\\\/apartamentosgoya.es\\\/en\\\/phone\\\/#breadcrumb\",\"itemListElement\":[{\"@type\":\"ListItem\",\"position\":1,\"name\":\"Home\",\"item\":\"https:\\\/\\\/apartamentosgoya.es\\\/en\\\/\"},{\"@type\":\"ListItem\",\"position\":2,\"name\":\"Phone\"}]},{\"@type\":\"WebSite\",\"@id\":\"https:\\\/\\\/apartamentosgoya.es\\\/en\\\/#website\",\"url\":\"https:\\\/\\\/apartamentosgoya.es\\\/en\\\/\",\"name\":\"Apartamentos Goya\",\"description\":\"\",\"potentialAction\":[{\"@type\":\"SearchAction\",\"target\":{\"@type\":\"EntryPoint\",\"urlTemplate\":\"https:\\\/\\\/apartamentosgoya.es\\\/en\\\/?s={search_term_string}\"},\"query-input\":{\"@type\":\"PropertyValueSpecification\",\"valueRequired\":true,\"valueName\":\"search_term_string\"}}],\"inLanguage\":\"en-US\"}]}<\/script>\n<!-- \/ Yoast SEO plugin. -->","yoast_head_json":{"title":"Phone - Apartamentos Goya","description":"Contacta con Apartamentos Goya en Valencia. Llama al tel\u00e9fono indicado y obt\u00e9n atenci\u00f3n personalizada para tu reserva o consulta.","robots":{"index":"index","follow":"follow","max-snippet":"max-snippet:-1","max-image-preview":"max-image-preview:large","max-video-preview":"max-video-preview:-1"},"canonical":"https:\/\/apartamentosgoya.es\/en\/phone\/","og_locale":"en_US","og_type":"article","og_title":"Phone - Apartamentos Goya","og_description":"Contacta con Apartamentos Goya en Valencia. Llama al tel\u00e9fono indicado y obt\u00e9n atenci\u00f3n personalizada para tu reserva o consulta.","og_url":"https:\/\/apartamentosgoya.es\/en\/phone\/","og_site_name":"Apartamentos Goya","article_modified_time":"2025-12-11T11:58:49+00:00","twitter_card":"summary_large_image","twitter_misc":{"Est. reading time":"1 minute"},"schema":{"@context":"https:\/\/schema.org","@graph":[{"@type":"WebPage","@id":"https:\/\/apartamentosgoya.es\/en\/phone\/","url":"https:\/\/apartamentosgoya.es\/en\/phone\/","name":"Phone - Apartamentos Goya","isPartOf":{"@id":"https:\/\/apartamentosgoya.es\/en\/#website"},"datePublished":"2024-10-16T07:00:07+00:00","dateModified":"2025-12-11T11:58:49+00:00","description":"Contacta con Apartamentos Goya en Valencia. Llama al tel\u00e9fono indicado y obt\u00e9n atenci\u00f3n personalizada para tu reserva o consulta.","breadcrumb":{"@id":"https:\/\/apartamentosgoya.es\/en\/phone\/#breadcrumb"},"inLanguage":"en-US","potentialAction":[{"@type":"ReadAction","target":["https:\/\/apartamentosgoya.es\/en\/phone\/"]}]},{"@type":"BreadcrumbList","@id":"https:\/\/apartamentosgoya.es\/en\/phone\/#breadcrumb","itemListElement":[{"@type":"ListItem","position":1,"name":"Home","item":"https:\/\/apartamentosgoya.es\/en\/"},{"@type":"ListItem","position":2,"name":"Phone"}]},{"@type":"WebSite","@id":"https:\/\/apartamentosgoya.es\/en\/#website","url":"https:\/\/apartamentosgoya.es\/en\/","name":"Apartamentos Goya","description":"","potentialAction":[{"@type":"SearchAction","target":{"@type":"EntryPoint","urlTemplate":"https:\/\/apartamentosgoya.es\/en\/?s={search_term_string}"},"query-input":{"@type":"PropertyValueSpecification","valueRequired":true,"valueName":"search_term_string"}}],"inLanguage":"en-US"}]}},"_links":{"self":[{"href":"https:\/\/apartamentosgoya.es\/en\/wp-json\/wp\/v2\/pages\/3571","targetHints":{"allow":["GET"]}}],"collection":[{"href":"https:\/\/apartamentosgoya.es\/en\/wp-json\/wp\/v2\/pages"}],"about":[{"href":"https:\/\/apartamentosgoya.es\/en\/wp-json\/wp\/v2\/types\/page"}],"author":[{"embeddable":true,"href":"https:\/\/apartamentosgoya.es\/en\/wp-json\/wp\/v2\/users\/5"}],"replies":[{"embeddable":true,"href":"https:\/\/apartamentosgoya.es\/en\/wp-json\/wp\/v2\/comments?post=3571"}],"version-history":[{"count":10,"href":"https:\/\/apartamentosgoya.es\/en\/wp-json\/wp\/v2\/pages\/3571\/revisions"}],"predecessor-version":[{"id":5151,"href":"https:\/\/apartamentosgoya.es\/en\/wp-json\/wp\/v2\/pages\/3571\/revisions\/5151"}],"wp:attachment":[{"href":"https:\/\/apartamentosgoya.es\/en\/wp-json\/wp\/v2\/media?parent=3571"}],"curies":[{"name":"wp","href":"https:\/\/api.w.org\/{rel}","templated":true}]}}